{"id":1072,"date":"2025-02-20T10:54:15","date_gmt":"2025-02-20T08:54:15","guid":{"rendered":"https:\/\/koparbaltik.ee\/?page_id=1072"},"modified":"2025-02-20T13:35:16","modified_gmt":"2025-02-20T11:35:16","slug":"polve","status":"publish","type":"page","link":"https:\/\/koparbaltik.ee\/en\/polve\/","title":{"rendered":"Basalt bends"},"content":{"rendered":"<div data-elementor-type=\"wp-page\" data-elementor-id=\"1072\" class=\"elementor elementor-1072\" data-elementor-settings=\"{&quot;ha_cmc_init_switcher&quot;:&quot;no&quot;}\">\n\t\t\t\t\t\t<section class=\"elementor-section elementor-top-section elementor-element elementor-element-e9maoeb elementor-section-boxed elementor-section-height-default elementor-section-height-default wpr-particle-no wpr-jarallax-no wpr-parallax-no wpr-sticky-section-no wpr-equal-height-no\" data-id=\"e9maoeb\" data-element_type=\"section\" data-e-type=\"section\" data-settings=\"{&quot;_ha_eqh_enable&quot;:false}\">\n\t\t\t\t\t\t<div class=\"elementor-container elementor-column-gap-default\">\n\t\t\t\t\t<div class=\"elementor-column elementor-col-50 elementor-top-column elementor-element elementor-element-fbde4a3\" data-id=\"fbde4a3\" data-element_type=\"column\" data-e-type=\"column\">\n\t\t\t<div class=\"elementor-widget-wrap elementor-element-populated\">\n\t\t\t\t\t\t<div class=\"elementor-element elementor-element-617a17d elementor-widget elementor-widget-heading\" data-id=\"617a17d\" data-element_type=\"widget\" data-e-type=\"widget\" data-widget_type=\"heading.default\">\n\t\t\t\t<div class=\"elementor-widget-container\">\n\t\t\t\t\t<h2 class=\"elementor-heading-title elementor-size-default\">Wear-resistant cast basalt bends and pipes<\/h2>\t\t\t\t<\/div>\n\t\t\t\t<\/div>\n\t\t\t\t<div class=\"elementor-element elementor-element-a656589 elementor-widget__width-inherit elementor-widget-mobile__width-inherit elementor-widget elementor-widget-text-editor\" data-id=\"a656589\" data-element_type=\"widget\" data-e-type=\"widget\" data-widget_type=\"text-editor.default\">\n\t\t\t\t<div class=\"elementor-widget-container\">\n\t\t\t\t\t\t\t\t\t<p class=\"translation-block\">We manufacture wear-resistant cast basalt bends in DN 100 and DN 125 sizes. In addition to straight basalt pipes, our product range includes bends with various angles:<\/p><ul><li data-start=\"312\" data-end=\"374\" class=\"translation-block\">15\u00b0, 30\u00b0, 45\u00b0, 60\u00b0, and 90\u00b0 cast basalt bends<\/li><li data-start=\"375\" data-end=\"407\"><strong data-start=\"377\" data-end=\"405\">Y-shaped distribution bends<\/strong><\/li><\/ul>\t\t\t\t\t\t\t\t<\/div>\n\t\t\t\t<\/div>\n\t\t\t\t<div class=\"elementor-element elementor-element-ee32c7b elementor-arrows-position-inside elementor-widget elementor-widget-image-carousel\" data-id=\"ee32c7b\" data-element_type=\"widget\" data-e-type=\"widget\" data-settings=\"{&quot;slides_to_show&quot;:&quot;1&quot;,&quot;navigation&quot;:&quot;arrows&quot;,&quot;autoplay_speed&quot;:2000,&quot;autoplay&quot;:&quot;yes&quot;,&quot;pause_on_hover&quot;:&quot;yes&quot;,&quot;pause_on_interaction&quot;:&quot;yes&quot;,&quot;infinite&quot;:&quot;yes&quot;,&quot;effect&quot;:&quot;slide&quot;,&quot;speed&quot;:500}\" data-widget_type=\"image-carousel.default\">\n\t\t\t\t<div class=\"elementor-widget-container\">\n\t\t\t\t\t\t\t<div class=\"elementor-image-carousel-wrapper swiper\" role=\"region\" aria-roledescription=\"carousel\" aria-label=\"Image Carousel\" dir=\"ltr\">\n\t\t\t<div class=\"elementor-image-carousel swiper-wrapper swiper-image-stretch\" aria-live=\"off\">\n\t\t\t\t\t\t\t\t<div class=\"swiper-slide\" role=\"group\" aria-roledescription=\"slide\" aria-label=\"1 of 2\"><a data-elementor-open-lightbox=\"yes\" data-elementor-lightbox-slideshow=\"ee32c7b\" data-elementor-lightbox-title=\"30 kraadi\" data-e-action-hash=\"#elementor-action%3Aaction%3Dlightbox%26settings%3DeyJpZCI6MTA4OCwidXJsIjoiaHR0cHM6XC9cL2tvcGFyYmFsdGlrLmVlXC93cC1jb250ZW50XC91cGxvYWRzXC8yMDI1XC8wMlwvMzAta3JhYWRpLTEuanBnIiwic2xpZGVzaG93IjoiZWUzMmM3YiJ9\" href=\"https:\/\/koparbaltik.ee\/wp-content\/uploads\/2025\/02\/30-kraadi-1.jpg\"><figure class=\"swiper-slide-inner\"><img decoding=\"async\" class=\"swiper-slide-image\" src=\"https:\/\/koparbaltik.ee\/wp-content\/uploads\/2025\/02\/30-kraadi-1.jpg\" alt=\"30 kraadi\" \/><\/figure><\/a><\/div><div class=\"swiper-slide\" role=\"group\" aria-roledescription=\"slide\" aria-label=\"2 of 2\"><a data-elementor-open-lightbox=\"yes\" data-elementor-lightbox-slideshow=\"ee32c7b\" data-elementor-lightbox-title=\"45 kraadi\" data-e-action-hash=\"#elementor-action%3Aaction%3Dlightbox%26settings%3DeyJpZCI6MTA3NCwidXJsIjoiaHR0cHM6XC9cL2tvcGFyYmFsdGlrLmVlXC93cC1jb250ZW50XC91cGxvYWRzXC8yMDI1XC8wMlwvNDUta3JhYWRpLmpwZyIsInNsaWRlc2hvdyI6ImVlMzJjN2IifQ%3D%3D\" href=\"https:\/\/koparbaltik.ee\/wp-content\/uploads\/2025\/02\/45-kraadi.jpg\"><figure class=\"swiper-slide-inner\"><img decoding=\"async\" class=\"swiper-slide-image\" src=\"https:\/\/koparbaltik.ee\/wp-content\/uploads\/2025\/02\/45-kraadi.jpg\" alt=\"45 kraadi\" \/><\/figure><\/a><\/div>\t\t\t<\/div>\n\t\t\t\t\t\t\t\t\t\t\t\t<div class=\"elementor-swiper-button elementor-swiper-button-prev\" role=\"button\" tabindex=\"0\">\n\t\t\t\t\t\t<svg aria-hidden=\"true\" class=\"e-font-icon-svg e-eicon-chevron-left\" viewbox=\"0 0 1000 1000\" xmlns=\"http:\/\/www.w3.org\/2000\/svg\"><path d=\"M646 125C629 125 613 133 604 142L308 442C296 454 292 471 292 487 292 504 296 521 308 533L604 854C617 867 629 875 646 875 663 875 679 871 692 858 704 846 713 829 713 812 713 796 708 779 692 767L438 487 692 225C700 217 708 204 708 187 708 171 704 154 692 142 675 129 663 125 646 125Z\"><\/path><\/svg>\t\t\t\t\t<\/div>\n\t\t\t\t\t<div class=\"elementor-swiper-button elementor-swiper-button-next\" role=\"button\" tabindex=\"0\">\n\t\t\t\t\t\t<svg aria-hidden=\"true\" class=\"e-font-icon-svg e-eicon-chevron-right\" viewbox=\"0 0 1000 1000\" xmlns=\"http:\/\/www.w3.org\/2000\/svg\"><path d=\"M696 533C708 521 713 504 713 487 713 471 708 454 696 446L400 146C388 133 375 125 354 125 338 125 325 129 313 142 300 154 292 171 292 187 292 204 296 221 308 233L563 492 304 771C292 783 288 800 288 817 288 833 296 850 308 863 321 871 338 875 354 875 371 875 388 867 400 854L696 533Z\"><\/path><\/svg>\t\t\t\t\t<\/div>\n\t\t\t\t\n\t\t\t\t\t\t\t\t\t<\/div>\n\t\t\t\t\t\t<\/div>\n\t\t\t\t<\/div>\n\t\t\t\t\t<\/div>\n\t\t<\/div>\n\t\t\t\t<div class=\"elementor-column elementor-col-50 elementor-top-column elementor-element elementor-element-ad2ef58\" data-id=\"ad2ef58\" data-element_type=\"column\" data-e-type=\"column\">\n\t\t\t<div class=\"elementor-widget-wrap elementor-element-populated\">\n\t\t\t\t\t\t<div class=\"elementor-element elementor-element-5ce2de6 elementor-widget elementor-widget-image\" data-id=\"5ce2de6\" data-element_type=\"widget\" data-e-type=\"widget\" data-widget_type=\"image.default\">\n\t\t\t\t<div class=\"elementor-widget-container\">\n\t\t\t\t\t\t\t\t\t\t\t\t\t\t\t<img fetchpriority=\"high\" decoding=\"async\" width=\"640\" height=\"480\" src=\"https:\/\/koparbaltik.ee\/wp-content\/uploads\/2025\/02\/60-kraadi.jpg\" class=\"attachment-large size-large wp-image-1073\" alt=\"\" srcset=\"https:\/\/koparbaltik.ee\/wp-content\/uploads\/2025\/02\/60-kraadi.jpg 640w, https:\/\/koparbaltik.ee\/wp-content\/uploads\/2025\/02\/60-kraadi-300x225.jpg 300w, https:\/\/koparbaltik.ee\/wp-content\/uploads\/2025\/02\/60-kraadi-16x12.jpg 16w\" sizes=\"(max-width: 640px) 100vw, 640px\" \/>\t\t\t\t\t\t\t\t\t\t\t\t\t\t\t<\/div>\n\t\t\t\t<\/div>\n\t\t\t\t<div class=\"elementor-element elementor-element-35556f5 elementor-widget elementor-widget-heading\" data-id=\"35556f5\" data-element_type=\"widget\" data-e-type=\"widget\" data-widget_type=\"heading.default\">\n\t\t\t\t<div class=\"elementor-widget-container\">\n\t\t\t\t\t<h3 class=\"elementor-heading-title elementor-size-default\">Our products ensure high durability and longevity even in the most demanding conditions.\n<\/h3>\t\t\t\t<\/div>\n\t\t\t\t<\/div>\n\t\t\t\t<div class=\"elementor-element elementor-element-8cff307 elementor-widget elementor-widget-image\" data-id=\"8cff307\" data-element_type=\"widget\" data-e-type=\"widget\" data-widget_type=\"image.default\">\n\t\t\t\t<div class=\"elementor-widget-container\">\n\t\t\t\t\t\t\t\t\t\t\t\t\t\t\t\t<a href=\"https:\/\/koparbaltik.ee\/wp-content\/uploads\/2025\/02\/60-kraadi.jpg\" data-elementor-open-lightbox=\"yes\" data-elementor-lightbox-title=\"60 kraadi\" data-e-action-hash=\"#elementor-action%3Aaction%3Dlightbox%26settings%3DeyJpZCI6MTA3MywidXJsIjoiaHR0cHM6XC9cL2tvcGFyYmFsdGlrLmVlXC93cC1jb250ZW50XC91cGxvYWRzXC8yMDI1XC8wMlwvNjAta3JhYWRpLmpwZyJ9\">\n\t\t\t\t\t\t\t<img fetchpriority=\"high\" decoding=\"async\" width=\"640\" height=\"480\" src=\"https:\/\/koparbaltik.ee\/wp-content\/uploads\/2025\/02\/60-kraadi.jpg\" class=\"attachment-large size-large wp-image-1073\" alt=\"\" srcset=\"https:\/\/koparbaltik.ee\/wp-content\/uploads\/2025\/02\/60-kraadi.jpg 640w, https:\/\/koparbaltik.ee\/wp-content\/uploads\/2025\/02\/60-kraadi-300x225.jpg 300w, https:\/\/koparbaltik.ee\/wp-content\/uploads\/2025\/02\/60-kraadi-16x12.jpg 16w\" sizes=\"(max-width: 640px) 100vw, 640px\" \/>\t\t\t\t\t\t\t\t<\/a>\n\t\t\t\t\t\t\t\t\t\t\t\t\t\t\t<\/div>\n\t\t\t\t<\/div>\n\t\t\t\t\t<\/div>\n\t\t<\/div>\n\t\t\t\t\t<\/div>\n\t\t<\/section>\n\t\t\t\t<\/div>","protected":false},"excerpt":{"rendered":"<p>Kulumiskindlad basaltp\u00f5lved ja -torud Valmistame kulumiskindlaid basaltp\u00f5lvesid DN 100 ja DN 125 m\u00f5\u00f5dus. Meie tootevalikusse kuuluvad lisaks sirgetele basalttorudele ka erineva nurga all p\u00f5lved: 15\u00b0, 30\u00b0, 45\u00b0, 60\u00b0 ja 90\u00b0 basaltp\u00f5lved Y-kujulised jaotusp\u00f5lved Meie tooted tagavad k\u00f5rge vastupidavuse ja pikaealisuse ka k\u00f5ige n\u00f5udlikemates tingimustes.<\/p>","protected":false},"author":1,"featured_media":0,"parent":0,"menu_order":0,"comment_status":"closed","ping_status":"closed","template":"","meta":{"site-sidebar-layout":"no-sidebar","site-content-layout":"","ast-site-content-layout":"full-width-container","site-content-style":"default","site-sidebar-style":"default","ast-global-header-display":"","ast-banner-title-visibility":"","ast-main-header-display":"","ast-hfb-above-header-display":"","ast-hfb-below-header-display":"","ast-hfb-mobile-header-display":"","site-post-title":"disabled","ast-breadcrumbs-content":"","ast-featured-img":"disabled","footer-sml-layout":"","ast-disable-related-posts":"","theme-transparent-header-meta":"","adv-header-id-meta":"","stick-header-meta":"","header-above-stick-meta":"","header-main-stick-meta":"","header-below-stick-meta":"","astra-migrate-meta-layouts":"default","ast-page-background-enabled":"default","ast-page-background-meta":{"desktop":{"background-color":"var(--ast-global-color-4)","background-image":"","background-repeat":"repeat","background-position":"center center","background-size":"auto","background-attachment":"scroll","background-type":"","background-media":"","overlay-type":"","overlay-color":"","overlay-opacity":"","overlay-gradient":""},"tablet":{"background-color":"","background-image":"","background-repeat":"repeat","background-position":"center center","background-size":"auto","background-attachment":"scroll","background-type":"","background-media":"","overlay-type":"","overlay-color":"","overlay-opacity":"","overlay-gradient":""},"mobile":{"background-color":"","background-image":"","background-repeat":"repeat","background-position":"center center","background-size":"auto","background-attachment":"scroll","background-type":"","background-media":"","overlay-type":"","overlay-color":"","overlay-opacity":"","overlay-gradient":""}},"ast-content-background-meta":{"desktop":{"background-color":"var(--ast-global-color-5)","background-image":"","background-repeat":"repeat","background-position":"center center","background-size":"auto","background-attachment":"scroll","background-type":"","background-media":"","overlay-type":"","overlay-color":"","overlay-opacity":"","overlay-gradient":""},"tablet":{"background-color":"var(--ast-global-color-5)","background-image":"","background-repeat":"repeat","background-position":"center center","background-size":"auto","background-attachment":"scroll","background-type":"","background-media":"","overlay-type":"","overlay-color":"","overlay-opacity":"","overlay-gradient":""},"mobile":{"background-color":"var(--ast-global-color-5)","background-image":"","background-repeat":"repeat","background-position":"center center","background-size":"auto","background-attachment":"scroll","background-type":"","background-media":"","overlay-type":"","overlay-color":"","overlay-opacity":"","overlay-gradient":""}},"footnotes":""},"class_list":["post-1072","page","type-page","status-publish","hentry"],"jetpack_sharing_enabled":true,"_links":{"self":[{"href":"https:\/\/koparbaltik.ee\/en\/wp-json\/wp\/v2\/pages\/1072","targetHints":{"allow":["GET"]}}],"collection":[{"href":"https:\/\/koparbaltik.ee\/en\/wp-json\/wp\/v2\/pages"}],"about":[{"href":"https:\/\/koparbaltik.ee\/en\/wp-json\/wp\/v2\/types\/page"}],"author":[{"embeddable":true,"href":"https:\/\/koparbaltik.ee\/en\/wp-json\/wp\/v2\/users\/1"}],"replies":[{"embeddable":true,"href":"https:\/\/koparbaltik.ee\/en\/wp-json\/wp\/v2\/comments?post=1072"}],"version-history":[{"count":28,"href":"https:\/\/koparbaltik.ee\/en\/wp-json\/wp\/v2\/pages\/1072\/revisions"}],"predecessor-version":[{"id":1123,"href":"https:\/\/koparbaltik.ee\/en\/wp-json\/wp\/v2\/pages\/1072\/revisions\/1123"}],"wp:attachment":[{"href":"https:\/\/koparbaltik.ee\/en\/wp-json\/wp\/v2\/media?parent=1072"}],"curies":[{"name":"wp","href":"https:\/\/api.w.org\/{rel}","templated":true}]}}