{"id":3,"date":"2024-08-08T14:13:22","date_gmt":"2024-08-08T14:13:22","guid":{"rendered":"https:\/\/koparbaltik.ee\/?page_id=3"},"modified":"2025-02-20T13:50:52","modified_gmt":"2025-02-20T11:50:52","slug":"privacy-policy","status":"publish","type":"page","link":"https:\/\/koparbaltik.ee\/en\/privacy-policy\/","title":{"rendered":"Privaatsuss\u00e4tted"},"content":{"rendered":"<div data-elementor-type=\"wp-page\" data-elementor-id=\"3\" class=\"elementor elementor-3\" data-elementor-settings=\"{&quot;ha_cmc_init_switcher&quot;:&quot;no&quot;}\">\n\t\t\t\t<div class=\"elementor-element elementor-element-5727add0 e-flex e-con-boxed wpr-particle-no wpr-jarallax-no wpr-parallax-no wpr-sticky-section-no wpr-equal-height-no e-con e-parent\" data-id=\"5727add0\" data-element_type=\"container\" data-e-type=\"container\" data-settings=\"{&quot;_ha_eqh_enable&quot;:false}\">\n\t\t\t\t\t<div class=\"e-con-inner\">\n\t\t\t\t<div class=\"elementor-element elementor-element-50cacf91 elementor-widget elementor-widget-text-editor\" data-id=\"50cacf91\" data-element_type=\"widget\" data-e-type=\"widget\" data-widget_type=\"text-editor.default\">\n\t\t\t\t<div class=\"elementor-widget-container\">\n\t\t\t\t\t\t\t\t\t<h2 data-start=\"172\" data-end=\"193\">Kes me oleme<\/h2>\n<p data-start=\"194\" data-end=\"351\">Meie veebilehe aadress on: <strong data-start=\"221\" data-end=\"273\"><a href=\"https:\/\/koparbaltik.ee\/en\/\" target=\"_new\" rel=\"noopener\" data-start=\"223\" data-end=\"271\">https:\/\/koparbaltik.ee<\/a><\/strong>.<br data-start=\"274\" data-end=\"277\" \/>Ettev\u00f5tte nimi: <strong data-start=\"293\" data-end=\"312\">Kopar Baltik O\u00dc<\/strong><br data-start=\"312\" data-end=\"315\" \/>Registreerimisnumber: <strong data-start=\"337\" data-end=\"349\">11089888<\/strong><\/p>\n<h2 data-start=\"353\" data-end=\"397\">Milliseid andmeid me kogume ja miks<\/h2>\n<h3 data-start=\"399\" data-end=\"423\">Kontaktivormid<\/h3>\n<p data-start=\"424\" data-end=\"522\">Kui k\u00fclastajad saadavad meile s\u00f5numi kontaktivormi kaudu, kogume ainult vormis esitatud andmeid:<\/p>\n<ul data-start=\"523\" data-end=\"586\">\n<li data-start=\"523\" data-end=\"531\">Name<\/li>\n<li data-start=\"532\" data-end=\"551\">E-posti aadress<\/li>\n<li data-start=\"552\" data-end=\"570\">Telefoninumber<\/li>\n<li data-start=\"571\" data-end=\"586\">S\u00f5numi sisu<\/li>\n<\/ul>\n<p data-start=\"588\" data-end=\"680\">Neid andmeid kasutatakse ainult p\u00e4ringutele vastamiseks ega jagata kolmandate osapooltega.<\/p>\n<h3 data-start=\"682\" data-end=\"700\">K\u00fcpsised<\/h3>\n<p data-start=\"701\" data-end=\"765\">Meie veebileht ei kasuta k\u00fcpsiseid, mis koguksid isikuandmeid.<\/p>\n<h3 data-start=\"767\" data-end=\"816\">Manustatud sisu teistelt veebilehtedelt<\/h3>\n<p data-start=\"817\" data-end=\"930\">Sellel veebilehel ei ole kolmandate osapoolte manustatud sisu (nt YouTube&#8217;i videod, sotsiaalmeedia postitused).<\/p>\n<h3 data-start=\"932\" data-end=\"972\">Kellega me jagame teie andmeid<\/h3>\n<p data-start=\"973\" data-end=\"1034\">Me ei jaga k\u00fclastajate isikuandmeid kolmandate osapooltega.<\/p>\n<h3 data-start=\"1036\" data-end=\"1080\">Kui kaua me teie andmeid s\u00e4ilitame<\/h3>\n<p data-start=\"1081\" data-end=\"1187\">Kontaktivormi kaudu saadetud p\u00e4ringud s\u00e4ilitatakse kuni 6 kuud, et vastata v\u00f5imalikele j\u00e4relp\u00e4rimistele.<\/p>\n<h3 data-start=\"1189\" data-end=\"1242\">Millised on teie \u00f5igused oma andmete suhtes<\/h3>\n<p data-start=\"1243\" data-end=\"1429\">Kui olete meile kontaktivormi kaudu s\u00f5numi saatnud, v\u00f5ite paluda oma andmete kustutamist. See ei h\u00f5lma andmeid, mida oleme kohustatud s\u00e4ilitama seaduslikel v\u00f5i turvalisuse eesm\u00e4rkidel.<\/p>\n<h3 data-start=\"1431\" data-end=\"1468\">Kuhu teie andmed saadetakse<\/h3>\n<p data-start=\"1469\" data-end=\"1571\">Kontaktivormi kaudu saadetud s\u00f5numid edastatakse e-posti aadressile: <strong data-start=\"1538\" data-end=\"1568\"><a rel=\"noopener\" data-start=\"1540\" data-end=\"1566\">koparbaltik@koparbaltik.ee<\/a><\/strong>.<\/p>\n<h2 data-start=\"1573\" data-end=\"1610\">Kuidas meiega \u00fchendust v\u00f5tta<\/h2>\n<p data-start=\"1611\" data-end=\"1686\">Kui teil on k\u00fcsimusi oma andmete kasutamise kohta, v\u00f5tke meiega \u00fchendust:<\/p>\n<p data-start=\"1688\" data-end=\"1846\">\ud83d\udccd <strong data-start=\"1691\" data-end=\"1703\">Aadress:<\/strong> Kopar Baltik O\u00dc, Metalli tn 2, Uhtna, 44202 L\u00e4\u00e4ne-Viru maakond, Eesti<br data-start=\"1773\" data-end=\"1776\" \/>\ud83d\udcde <strong data-start=\"1779\" data-end=\"1791\">Phone:<\/strong> 322 3040<br data-start=\"1800\" data-end=\"1803\" \/>\ud83d\udce7 <strong data-start=\"1806\" data-end=\"1817\">E-post:<\/strong> <a rel=\"noopener\" data-start=\"1818\" data-end=\"1844\">koparbaltik@koparbaltik.ee<\/a><\/p>\t\t\t\t\t\t\t\t<\/div>\n\t\t\t\t<\/div>\n\t\t\t\t\t<\/div>\n\t\t\t\t<\/div>\n\t\t\t\t<\/div>","protected":false},"excerpt":{"rendered":"<p>Kes me oleme Meie veebilehe aadress on: https:\/\/koparbaltik.ee.Ettev\u00f5tte nimi: Kopar Baltik O\u00dcRegistreerimisnumber: 11089888 Milliseid andmeid me kogume ja miks Kontaktivormid Kui k\u00fclastajad saadavad meile s\u00f5numi kontaktivormi kaudu, kogume ainult vormis esitatud andmeid: Nimi E-posti aadress Telefoninumber S\u00f5numi sisu Neid andmeid kasutatakse ainult p\u00e4ringutele vastamiseks ega jagata kolmandate osapooltega. K\u00fcpsised Meie veebileht ei kasuta k\u00fcpsiseid, mis koguksid isikuandmeid. Manustatud sisu teistelt veebilehtedelt Sellel veebilehel ei ole kolmandate osapoolte manustatud sisu (nt YouTube&#8217;i videod, sotsiaalmeedia postitused). Kellega me jagame teie andmeid Me ei jaga k\u00fclastajate isikuandmeid kolmandate osapooltega. Kui kaua me teie andmeid s\u00e4ilitame Kontaktivormi kaudu saadetud p\u00e4ringud s\u00e4ilitatakse kuni 6 kuud, et vastata v\u00f5imalikele j\u00e4relp\u00e4rimistele. Millised on teie \u00f5igused oma andmete suhtes Kui olete meile kontaktivormi kaudu s\u00f5numi saatnud, v\u00f5ite paluda oma andmete kustutamist. See ei h\u00f5lma andmeid, mida oleme kohustatud s\u00e4ilitama seaduslikel v\u00f5i turvalisuse eesm\u00e4rkidel. Kuhu teie andmed saadetakse Kontaktivormi kaudu saadetud s\u00f5numid edastatakse e-posti aadressile: koparbaltik@koparbaltik.ee. Kuidas meiega \u00fchendust v\u00f5tta Kui teil on k\u00fcsimusi oma andmete kasutamise kohta, v\u00f5tke meiega \u00fchendust: \ud83d\udccd Aadress: Kopar Baltik O\u00dc, Metalli tn 2, Uhtna, 44202 L\u00e4\u00e4ne-Viru maakond, Eesti\ud83d\udcde Telefon: 322 3040\ud83d\udce7 E-post: koparbaltik@koparbaltik.ee<\/p>","protected":false},"author":1,"featured_media":0,"parent":0,"menu_order":0,"comment_status":"closed","ping_status":"closed","template":"","meta":{"site-sidebar-layout":"default","site-content-layout":"","ast-site-content-layout":"default","site-content-style":"default","site-sidebar-style":"default","ast-global-header-display":"","ast-banner-title-visibility":"","ast-main-header-display":"","ast-hfb-above-header-display":"","ast-hfb-below-header-display":"","ast-hfb-mobile-header-display":"","site-post-title":"","ast-breadcrumbs-content":"","ast-featured-img":"","footer-sml-layout":"","ast-disable-related-posts":"","theme-transparent-header-meta":"","adv-header-id-meta":"","stick-header-meta":"","header-above-stick-meta":"","header-main-stick-meta":"","header-below-stick-meta":"","astra-migrate-meta-layouts":"default","ast-page-background-enabled":"default","ast-page-background-meta":{"desktop":{"background-color":"var(--ast-global-color-4)","background-image":"","background-repeat":"repeat","background-position":"center center","background-size":"auto","background-attachment":"scroll","background-type":"","background-media":"","overlay-type":"","overlay-color":"","overlay-opacity":"","overlay-gradient":""},"tablet":{"background-color":"","background-image":"","background-repeat":"repeat","background-position":"center center","background-size":"auto","background-attachment":"scroll","background-type":"","background-media":"","overlay-type":"","overlay-color":"","overlay-opacity":"","overlay-gradient":""},"mobile":{"background-color":"","background-image":"","background-repeat":"repeat","background-position":"center center","background-size":"auto","background-attachment":"scroll","background-type":"","background-media":"","overlay-type":"","overlay-color":"","overlay-opacity":"","overlay-gradient":""}},"ast-content-background-meta":{"desktop":{"background-color":"var(--ast-global-color-5)","background-image":"","background-repeat":"repeat","background-position":"center center","background-size":"auto","background-attachment":"scroll","background-type":"","background-media":"","overlay-type":"","overlay-color":"","overlay-opacity":"","overlay-gradient":""},"tablet":{"background-color":"var(--ast-global-color-5)","background-image":"","background-repeat":"repeat","background-position":"center center","background-size":"auto","background-attachment":"scroll","background-type":"","background-media":"","overlay-type":"","overlay-color":"","overlay-opacity":"","overlay-gradient":""},"mobile":{"background-color":"var(--ast-global-color-5)","background-image":"","background-repeat":"repeat","background-position":"center center","background-size":"auto","background-attachment":"scroll","background-type":"","background-media":"","overlay-type":"","overlay-color":"","overlay-opacity":"","overlay-gradient":""}},"footnotes":""},"class_list":["post-3","page","type-page","status-publish","hentry"],"jetpack_sharing_enabled":true,"_links":{"self":[{"href":"https:\/\/koparbaltik.ee\/en\/wp-json\/wp\/v2\/pages\/3","targetHints":{"allow":["GET"]}}],"collection":[{"href":"https:\/\/koparbaltik.ee\/en\/wp-json\/wp\/v2\/pages"}],"about":[{"href":"https:\/\/koparbaltik.ee\/en\/wp-json\/wp\/v2\/types\/page"}],"author":[{"embeddable":true,"href":"https:\/\/koparbaltik.ee\/en\/wp-json\/wp\/v2\/users\/1"}],"replies":[{"embeddable":true,"href":"https:\/\/koparbaltik.ee\/en\/wp-json\/wp\/v2\/comments?post=3"}],"version-history":[{"count":5,"href":"https:\/\/koparbaltik.ee\/en\/wp-json\/wp\/v2\/pages\/3\/revisions"}],"predecessor-version":[{"id":1136,"href":"https:\/\/koparbaltik.ee\/en\/wp-json\/wp\/v2\/pages\/3\/revisions\/1136"}],"wp:attachment":[{"href":"https:\/\/koparbaltik.ee\/en\/wp-json\/wp\/v2\/media?parent=3"}],"curies":[{"name":"wp","href":"https:\/\/api.w.org\/{rel}","templated":true}]}}